{"id":41,"date":"2017-02-13T05:57:48","date_gmt":"2017-02-13T05:57:48","guid":{"rendered":"http:\/\/www.canxicoy.com\/?page_id=41"},"modified":"2026-02-02T11:35:17","modified_gmt":"2026-02-02T11:35:17","slug":"visites","status":"publish","type":"page","link":"https:\/\/www.canxicoy.com\/fr\/visites\/","title":{"rendered":"Visites"},"content":{"rendered":"<p><\/p>\n<h1>Visites et rendez-vous<\/h1>\n<p>N\u2019h\u00e9sitez pas en nous rendre visite. D\u2019un cot\u00e9 vous avez les ch\u00e8vres, mais vous y trouverez aussi : le cheval, les \u00e2nes, des poules, des lapins, et des tr\u00e8s bons fromages !, et en plus, si vous nous appelez un peu \u00e0 l\u2019 avance, vous pourrez faire une d\u00e9gustation accompagn\u00e9e aussi d\u2019un vin du terroir !<\/p>\n<p>Vous pouvez aussi visiter la ferme avec votre \u00e9cole, apprendre \u00e0 traire et \u00e0 faire un atelier pour faire votre propre mat\u00f3.<\/p>\n<p><\/p>\n\n\n<div style=\"height:100px\" aria-hidden=\"true\" class=\"wp-block-spacer\"><\/div>\n\n\n\n<div class=\"wp-block-buttons is-layout-flex\">\n<div class=\"wp-block-button is-style-fill\"><a class=\"wp-block-button__link wp-element-button\" href=\"https:\/\/www.canxicoy.com\/wpbc-booking\/\" style=\"border-radius:100px\"><strong>Viens nous voir<\/strong><\/a><\/div>\n<\/div>\n\n\n\n<p><\/p>\n\n\n\n<p><\/p>\n\n\n<p><\/p>","protected":false},"excerpt":{"rendered":"<p>Visites et rendez-vous N\u2019h\u00e9sitez pas en nous rendre visite. D\u2019un cot\u00e9 vous avez les ch\u00e8vres, mais vous y trouverez aussi : le cheval, les \u00e2nes, des poules, des lapins, et des tr\u00e8s bons fromages !, et en plus, si vous nous appelez un peu \u00e0 l\u2019 avance, vous pourrez faire une d\u00e9gustation accompagn\u00e9e aussi d\u2019un [&hellip;]<\/p>\n","protected":false},"author":1,"featured_media":0,"parent":0,"menu_order":0,"comment_status":"closed","ping_status":"closed","template":"","meta":{"_mc_calendar":[]},"_links":{"self":[{"href":"https:\/\/www.canxicoy.com\/fr\/wp-json\/wp\/v2\/pages\/41"}],"collection":[{"href":"https:\/\/www.canxicoy.com\/fr\/wp-json\/wp\/v2\/pages"}],"about":[{"href":"https:\/\/www.canxicoy.com\/fr\/wp-json\/wp\/v2\/types\/page"}],"author":[{"embeddable":true,"href":"https:\/\/www.canxicoy.com\/fr\/wp-json\/wp\/v2\/users\/1"}],"replies":[{"embeddable":true,"href":"https:\/\/www.canxicoy.com\/fr\/wp-json\/wp\/v2\/comments?post=41"}],"version-history":[{"count":62,"href":"https:\/\/www.canxicoy.com\/fr\/wp-json\/wp\/v2\/pages\/41\/revisions"}],"predecessor-version":[{"id":1083,"href":"https:\/\/www.canxicoy.com\/fr\/wp-json\/wp\/v2\/pages\/41\/revisions\/1083"}],"wp:attachment":[{"href":"https:\/\/www.canxicoy.com\/fr\/wp-json\/wp\/v2\/media?parent=41"}],"curies":[{"name":"wp","href":"https:\/\/api.w.org\/{rel}","templated":true}]}}