{"id":41,"date":"2017-02-13T05:57:48","date_gmt":"2017-02-13T05:57:48","guid":{"rendered":"http:\/\/www.canxicoy.com\/?page_id=41"},"modified":"2026-02-02T11:35:17","modified_gmt":"2026-02-02T11:35:17","slug":"visites","status":"publish","type":"page","link":"https:\/\/www.canxicoy.com\/es\/visites\/","title":{"rendered":"Visitas"},"content":{"rendered":"<p><\/p>\n<h1><strong>GRANJA Y QUESERIA CAN XICOY<\/strong><\/h1>\n<p>Can Xicoy es una granja de cabras y queser\u00eda familiar, situada en Arenys de Munt, a los pies del Montnegre y a 45 min de Barcelona. Gestionada por los hermanos Ferran y Adri\u00e0 Alt\u00e9s Espiell. Tenemos un reba\u00f1o de 400 cabras, las cuales se orde\u00f1an cada d\u00eda y se elabora la Leche para transformarla en quesos.<\/p>\n<p>En la granja tambi\u00e9n hay otros animales como: conejos, gallinas, burros y vacas.<\/p>\n<p>Durante la visita recorreremos todas las instalaciones de la granja y la queser\u00eda. De esta forma los visitantes descubrir\u00e1n paso a paso como se obtiene la leche y como hacer los quesos. Podr\u00e1n ver y tocar todos los animales y les ense\u00f1aremos el d\u00eda a d\u00eda de una granja respetuosa con el entorno.<\/p>\n<p><\/p>\n<h1><strong>VISITAS FAMILIARES<\/strong><\/h1>\n<p>Horario: S\u00e1bados de 11h a 13h<\/p>\n<p>Precio: 13,50\u20ac\/persona, menores de dos a\u00f1os gratuito.<\/p>\n<p>La visita se pagar\u00e1 en la granja con tarjeta o efectivo.<\/p>\n<p>En la granja hay tienda para comprar quesos.<\/p>\n<p>En la granja no se admiten animales de compa\u00f1\u00eda.<\/p>\n<p><\/p>\n<p><strong>Actividades durante la visita:<\/strong><\/p>\n<p>. Visita los animales de la granja: Cabras, vacas, burros, conejos y gallinas. Les daremos comida, los podremos tocar y sacaremos los huevos de las gallinas.<\/p>\n<p>. Visita el reba\u00f1o de cabras y los cabritos.<\/p>\n<p>. Conoce el proceso del orde\u00f1o.<\/p>\n<p>. Visita la queser\u00eda.<\/p>\n<p>. Terminaremos la visita con una degustaci\u00f3n de algunos de los quesos de Can Xicoy.<\/p>\n<p><strong>&nbsp;<\/strong><\/p>\n<h1><strong>VISITAS Y TALLERES PARA ESCUELAS<\/strong><\/h1>\n<p><strong>Actividades durante la visita:<\/strong><\/p>\n<p>. Visita los animales de la granja: Cabras, vacas, burros, conejos y gallinas. Les daremos comida, los podremos tocar y sacaremos los huevos de las gallinas.<\/p>\n<p>. Visita el reba\u00f1o de cabras y los cabritos.<\/p>\n<p>. Conoce el proceso del ordeno.<\/p>\n<p>. Visita la queser\u00eda.<\/p>\n<p>. Taller de mat\u00f3 opcional.<\/p>\n<p><strong>&nbsp;<\/strong><\/p>\n<p><strong>Taller de mat\u00f3<\/strong><\/p>\n<p>El taller que realizaran los ni\u00f1os consiste en la elaboraci\u00f3n de mat\u00f3 con la Leche de las cabras. Cada ni\u00f1o se llevar\u00e1 su tarrina a casa. Este tiene una duraci\u00f3n de aproximadamente una hora, y participaran de todos los procesos para obtener el mat\u00f3.<\/p>\n<p><\/p>\n\n\n<div class=\"wp-block-buttons is-layout-flex\">\n<div class=\"wp-block-button is-style-fill\"><a class=\"wp-block-button__link wp-element-button\" href=\"https:\/\/www.canxicoy.com\/wpbc-booking\/\" style=\"border-radius:100px\"><strong>Ven a vernos<\/strong><\/a><\/div>\n<\/div>\n\n\n\n<div style=\"height:100px\" aria-hidden=\"true\" class=\"wp-block-spacer\"><\/div>\n\n\n<h1><strong>VISITAS TECNICAS PARA CENTROS FORMATIVOS<\/strong><\/h1>\n<p>En la granja tambi\u00e9n realizamos visitas dirigidas a la formaci\u00f3n t\u00e9cnica, ya sea en el \u00e1mbito agropecuario\/ganadero como en el sector quesero\/gastron\u00f3mico.<\/p>\n<p><strong>&nbsp;<\/strong><\/p>\n<h1><strong>EXPERI\u00c9NCIA QUESERA<\/strong><\/h1>\n<p>Pasa un d\u00eda en la granja y participa de todos los procesos para hacer quesos.<\/p>\n<p>Visitaremos los corrales de los animales.<\/p>\n<p>Participar\u00e1s en el orde\u00f1o de las cabras.<\/p>\n<p>Elaboraremos quesos con la leche reci\u00e9n orde\u00f1ada.<\/p>\n<p>Visitaremos las c\u00e1maras de maduraci\u00f3n para conocer el proceso de afinaci\u00f3n de los quesos.<\/p>\n<p>Durada: de 8:30 a 13:30<\/p>\n<p>Preu: No disponible.<\/p>\n<p>M\u00ednimo de 2 i m\u00e1ximo de 4 participantes<\/p>\n<p>Incluye desayuno con tostadas y quesos de Can Xicoy, vino y quesos.<\/p>\n<p><strong>&nbsp;<\/strong><\/p>\n<p><strong>Para m\u00e1s informaci\u00f3n y reservas:<\/strong><\/p>\n<p><strong>Adri\u00e0 629414503<\/strong><\/p>\n<p><strong>Ferran 620992531<\/strong><\/p>\n<p><strong>info@canxicoy.com<\/strong><\/p>","protected":false},"excerpt":{"rendered":"<p>GRANJA Y QUESERIA CAN XICOY Can Xicoy es una granja de cabras y queser\u00eda familiar, situada en Arenys de Munt, a los pies del Montnegre y a 45 min de Barcelona. Gestionada por los hermanos Ferran y Adri\u00e0 Alt\u00e9s Espiell. Tenemos un reba\u00f1o de 400 cabras, las cuales se orde\u00f1an cada d\u00eda y se elabora [&hellip;]<\/p>\n","protected":false},"author":1,"featured_media":0,"parent":0,"menu_order":0,"comment_status":"closed","ping_status":"closed","template":"","meta":{"_mc_calendar":[]},"_links":{"self":[{"href":"https:\/\/www.canxicoy.com\/es\/wp-json\/wp\/v2\/pages\/41"}],"collection":[{"href":"https:\/\/www.canxicoy.com\/es\/wp-json\/wp\/v2\/pages"}],"about":[{"href":"https:\/\/www.canxicoy.com\/es\/wp-json\/wp\/v2\/types\/page"}],"author":[{"embeddable":true,"href":"https:\/\/www.canxicoy.com\/es\/wp-json\/wp\/v2\/users\/1"}],"replies":[{"embeddable":true,"href":"https:\/\/www.canxicoy.com\/es\/wp-json\/wp\/v2\/comments?post=41"}],"version-history":[{"count":62,"href":"https:\/\/www.canxicoy.com\/es\/wp-json\/wp\/v2\/pages\/41\/revisions"}],"predecessor-version":[{"id":1083,"href":"https:\/\/www.canxicoy.com\/es\/wp-json\/wp\/v2\/pages\/41\/revisions\/1083"}],"wp:attachment":[{"href":"https:\/\/www.canxicoy.com\/es\/wp-json\/wp\/v2\/media?parent=41"}],"curies":[{"name":"wp","href":"https:\/\/api.w.org\/{rel}","templated":true}]}}