{"id":291,"date":"2023-01-18T18:53:23","date_gmt":"2023-01-18T18:53:23","guid":{"rendered":"http:\/\/www.canxicoy.com\/?page_id=291"},"modified":"2025-07-15T15:24:12","modified_gmt":"2025-07-15T15:24:12","slug":"botiga-2","status":"publish","type":"page","link":"https:\/\/www.canxicoy.com\/es\/botiga-2\/","title":{"rendered":"Tienda"},"content":{"rendered":"<div class=\"maq_contenidor clearfix\">\n<div class=\"maq_col_45\">\n<p><img decoding=\"async\" loading=\"lazy\" class=\"alignnone size-full wp-image-361\" src=\"http:\/\/www.canxicoy.com\/wp-content\/uploads\/2023\/01\/botiga-principal.jpg\" alt=\"\" width=\"536\" height=\"383\" srcset=\"https:\/\/www.canxicoy.com\/wp-content\/uploads\/2023\/01\/botiga-principal.jpg 536w, https:\/\/www.canxicoy.com\/wp-content\/uploads\/2023\/01\/botiga-principal-300x214.jpg 300w\" sizes=\"(max-width: 536px) 100vw, 536px\" \/><\/p>\n<p><\/div>\n<div class=\"maq_col_55\">\n<h1>TIENDA<\/h1>\n<p>En la tienda de la granja encontrareis todos los d\u00edas toda nuestra variedad de quesos:<\/p>\n<p>Reques\u00f3n de Cabra, Queso Fresco de Cabra, Iogur Natural de Cabra, Queo Semicurado de Cabra, Queso servilleta de Cabra, Queso Brie de Cabra, Queso Semicurado de Vaca, Dados de Queso Madurado con aceite de romero, etc.<\/p>\n<p>Adem\u00e1s por encargo nos pod\u00e9is pedir cabrito i os lo servimos cortado al gusto:<\/p>\n<p>Todo peque\u00f1o, para rebozar, para hacer a la brasa o a trozos m\u00e1s grandes para hacer al horno.<\/p>\n<p>Y tambi\u00e9n 3 tipos de lotes distintos que nos pod\u00e9is pasar a recoger cuando os sea m\u00e1s c\u00f3modo.<\/p>\n<p><strong>-Lote 1:<\/strong>\u00a0\u00a0 40\u20ac Reques\u00f3n o queso fresco de cabra (a escoger) + 1 Queso Semicurado de Cabra + 1 Cu\u00f1a queso servilleta de cabra + 1 Cu\u00f1a queso de Vaca + 1 Iogur natural de cabra.<\/p>\n<p><strong>-Lote 2:<\/strong>\u00a0\u00a0 60\u20ac\u00a0\u00a0 1 Queso Semicurado de Cabra + 1 Cu\u00f1a de queso de Vaca + 1 Cu\u00f1a de queso servilleta de cabra + 1 Queso Brie Cabra + 1\u00a0\u00a0 Dados de Queso madurado con aceite de romero.<\/p>\n<p><strong>-Lote 3:<\/strong> \u00a0120\u20ac 1 Cabrito cortado al gusto + 1 Queso Semicurado de Cabra + 1 Queso Semi de Vaca.<\/p>\n<p>&nbsp;<\/p>\n<p>Para pedidos superiores a 30\u20ac se hacen entregas a domicilio.<\/p>\n<p>&nbsp;<\/p>\n<p><strong>El horario de la tienda es:<\/strong><\/p>\n<p>De Lunes a Viernes:\u00a0\u00a0 08:00 a 13:00 i de 16:00 a 18:30<\/p>\n<p>S\u00e1bados:\u00a0\u00a0 08:00 a 13:00<\/p>\n<p><\/div>\n<p><\/div><\/p>\n<div style=\"position: relative;height: 0;padding-bottom: 56.25%;text-align: center;\"><img decoding=\"async\" loading=\"lazy\" class=\"size-full wp-image-17 aligncenter\" src=\"http:\/\/www.canxicoy.com\/wp-content\/uploads\/2023\/01\/botiga.jpg\" alt=\"Botiga\" width=\"650\" height=\"709\" \/><\/div>\n<p><\/p>","protected":false},"excerpt":{"rendered":"","protected":false},"author":1,"featured_media":0,"parent":0,"menu_order":0,"comment_status":"closed","ping_status":"closed","template":"maqueta-flexible.php","meta":{"_mc_calendar":[]},"_links":{"self":[{"href":"https:\/\/www.canxicoy.com\/es\/wp-json\/wp\/v2\/pages\/291"}],"collection":[{"href":"https:\/\/www.canxicoy.com\/es\/wp-json\/wp\/v2\/pages"}],"about":[{"href":"https:\/\/www.canxicoy.com\/es\/wp-json\/wp\/v2\/types\/page"}],"author":[{"embeddable":true,"href":"https:\/\/www.canxicoy.com\/es\/wp-json\/wp\/v2\/users\/1"}],"replies":[{"embeddable":true,"href":"https:\/\/www.canxicoy.com\/es\/wp-json\/wp\/v2\/comments?post=291"}],"version-history":[{"count":8,"href":"https:\/\/www.canxicoy.com\/es\/wp-json\/wp\/v2\/pages\/291\/revisions"}],"predecessor-version":[{"id":473,"href":"https:\/\/www.canxicoy.com\/es\/wp-json\/wp\/v2\/pages\/291\/revisions\/473"}],"wp:attachment":[{"href":"https:\/\/www.canxicoy.com\/es\/wp-json\/wp\/v2\/media?parent=291"}],"curies":[{"name":"wp","href":"https:\/\/api.w.org\/{rel}","templated":true}]}}