{"id":52,"date":"2017-02-13T06:55:51","date_gmt":"2017-02-13T06:55:51","guid":{"rendered":"http:\/\/www.canxicoy.com\/?page_id=52"},"modified":"2025-07-15T15:24:12","modified_gmt":"2025-07-15T15:24:12","slug":"nota-legal","status":"publish","type":"page","link":"http:\/\/www.canxicoy.com\/en\/nota-legal\/","title":{"rendered":"Nota legal"},"content":{"rendered":"<h1>Nota legal<\/h1>\n<p><strong>DADES REGISTRAL:<\/strong><\/p>\n<p>TORNOS ABOGADOS, S.L.P \u00e9s la societat titular i responsable del domini www.tornosabogados,com.<\/p>\n<p>La societat TORNOS ABOGADOS, S.L.P. figura inscrita al registre mercantil de Barcelona, al tom 85445, foli 118, fulla n\u00fam. b-268048, inscripci\u00f3 4 i amb CIF n\u00famero B-63149702, amb domicili social en el carrer muntaner 292, primer, segona, 08021 de Barcelona, i amb correu electr\u00f2nic info@tornosabogados.com.<\/p>\n<p>TORNOS ABOGADOS, S.L.P assessora als seus clients d\u2019acord a les normes deontol\u00f2giques de l\u2019Il\u00b7lustre Col\u00b7legi d\u2019Advocats de Barcelona.<\/p>\n<p><strong>OBJECTE I CONTINGUT DEL LLOC WEB:<\/strong><\/p>\n<p>El lloc web www.tornosabogados.com \u00e9s de car\u00e0cter estrictament informatiu, per donar a con\u00e8ixer les activitats, serveis i especialitats del despatx TORNOS ABOGADOS. La informaci\u00f3 que s\u2019hi publica, especialment les newsletter i butlletins, en cap cas constitueix un mitj\u00e0 d\u2019assessorament. La utilitzaci\u00f3 de la mateixa \u00e9s responsabilitat exclusiva de l\u2019usuari,<\/p>\n<p>TORNOS ABOGADOS, S.L.P no ser\u00e0 en cap cas responsable dels errors o omissions que puguin existir en la informaci\u00f3 publicada, ni de l\u2019\u00fas que es pugui fer de la mateixa.<\/p>\n<p>Els enlla\u00e7os o links d\u2019aquesta pagina web poden conduir a l\u2019usuari a altres websites gestionats per tercers. TORNOS ABOGADOS, S.L.P. no respon ni dels continguts, ni del estat de les esmentades pagines, i l\u2019acc\u00e9s a les mateixes a trav\u00e9s d\u2019aquesta pagina tampoc implica que TORNOS ABOGADOS, S.L.P. recomani o aprovi els seus continguts.<\/p>\n<p><strong>PROPIETAT INTEL\u00b7LECTUAL:<\/strong><\/p>\n<p>Queden reservats en favor de TORNOS ABOGADOS, S.L.P tots els drets sobre els continguts textuals i gr\u00e0fics tant de la p\u00e0gina web com dels continguts publicitats a la mateixa.<br \/>\nla present advert\u00e8ncia legal es regeix per la normativa estatal aplicable.<\/p>\n","protected":false},"excerpt":{"rendered":"<p>Nota legal DADES REGISTRAL: TORNOS ABOGADOS, S.L.P \u00e9s la societat titular i responsable del domini www.tornosabogados,com. La societat TORNOS ABOGADOS, S.L.P. figura inscrita al registre mercantil de Barcelona, al tom 85445, foli 118, fulla n\u00fam. b-268048, inscripci\u00f3 4 i amb CIF n\u00famero B-63149702, amb domicili social en el carrer muntaner 292, primer, segona, 08021 de [&hellip;]<\/p>\n","protected":false},"author":1,"featured_media":0,"parent":0,"menu_order":0,"comment_status":"closed","ping_status":"closed","template":"","meta":{"_mc_calendar":[]},"_links":{"self":[{"href":"http:\/\/www.canxicoy.com\/en\/wp-json\/wp\/v2\/pages\/52"}],"collection":[{"href":"http:\/\/www.canxicoy.com\/en\/wp-json\/wp\/v2\/pages"}],"about":[{"href":"http:\/\/www.canxicoy.com\/en\/wp-json\/wp\/v2\/types\/page"}],"author":[{"embeddable":true,"href":"http:\/\/www.canxicoy.com\/en\/wp-json\/wp\/v2\/users\/1"}],"replies":[{"embeddable":true,"href":"http:\/\/www.canxicoy.com\/en\/wp-json\/wp\/v2\/comments?post=52"}],"version-history":[{"count":1,"href":"http:\/\/www.canxicoy.com\/en\/wp-json\/wp\/v2\/pages\/52\/revisions"}],"predecessor-version":[{"id":53,"href":"http:\/\/www.canxicoy.com\/en\/wp-json\/wp\/v2\/pages\/52\/revisions\/53"}],"wp:attachment":[{"href":"http:\/\/www.canxicoy.com\/en\/wp-json\/wp\/v2\/media?parent=52"}],"curies":[{"name":"wp","href":"https:\/\/api.w.org\/{rel}","templated":true}]}}